{"id":394,"date":"2020-03-14T14:32:17","date_gmt":"2020-03-14T13:32:17","guid":{"rendered":"http:\/\/kinder-arzt.at\/about-copy-2-copy\/"},"modified":"2024-10-16T20:42:26","modified_gmt":"2024-10-16T18:42:26","slug":"faqs-impressum","status":"publish","type":"page","link":"https:\/\/kinder-arzt.at\/de\/faqs-impressum\/","title":{"rendered":"FAQs\/Impressum"},"content":{"rendered":"\n<style type=\"text\/css\" data-created_by=\"avia_inline_auto\" id=\"style-css-av-97702-fd146f2b1e46d5a03bfc721c9cd4cb8a\">\n.flex_column.av-97702-fd146f2b1e46d5a03bfc721c9cd4cb8a{\nborder-radius:0px 0px 0px 0px;\npadding:0px 0px 0px 0px;\n}\n<\/style>\n<div  class='flex_column av-97702-fd146f2b1e46d5a03bfc721c9cd4cb8a av_one_full  avia-builder-el-0  el_before_av_hr  avia-builder-el-first  first flex_column_div av-animated-generic bottom-to-top av-zero-column-padding  '     ><style type=\"text\/css\" data-created_by=\"avia_inline_auto\" id=\"style-css-av-k7rnh0ji-9157429707ed9b8297f3f0bccb47df4e\">\n#top .av-special-heading.av-k7rnh0ji-9157429707ed9b8297f3f0bccb47df4e{\npadding-bottom:20px;\ncolor:#000000;\nfont-size:40px;\n}\nbody .av-special-heading.av-k7rnh0ji-9157429707ed9b8297f3f0bccb47df4e .av-special-heading-tag .heading-char{\nfont-size:25px;\n}\n#top #wrap_all .av-special-heading.av-k7rnh0ji-9157429707ed9b8297f3f0bccb47df4e .av-special-heading-tag{\nfont-size:40px;\n}\n.av-special-heading.av-k7rnh0ji-9157429707ed9b8297f3f0bccb47df4e .special-heading-inner-border{\nborder-color:#000000;\n}\n.av-special-heading.av-k7rnh0ji-9157429707ed9b8297f3f0bccb47df4e .av-subheading{\nfont-size:15px;\n}\n\n@media only screen and (min-width: 480px) and (max-width: 767px){ \n#top #wrap_all .av-special-heading.av-k7rnh0ji-9157429707ed9b8297f3f0bccb47df4e .av-special-heading-tag{\nfont-size:0.8em;\n}\n}\n\n@media only screen and (max-width: 479px){ \n#top #wrap_all .av-special-heading.av-k7rnh0ji-9157429707ed9b8297f3f0bccb47df4e .av-special-heading-tag{\nfont-size:0.8em;\n}\n}\n<\/style>\n<div  class='av-special-heading av-k7rnh0ji-9157429707ed9b8297f3f0bccb47df4e av-special-heading-h1 custom-color-heading blockquote modern-quote modern-centered  avia-builder-el-1  avia-builder-el-no-sibling  av-inherit-size'><h1 class='av-special-heading-tag '  itemprop=\"headline\"  >FAQs\/Impressum<\/h1><div class=\"special-heading-border\"><div class=\"special-heading-inner-border\"><\/div><\/div><\/div><\/div>\n\n<style type=\"text\/css\" data-created_by=\"avia_inline_auto\" id=\"style-css-av-1j31tm-2c200fab7e39307fc78d99842312c113\">\n#top .hr.av-1j31tm-2c200fab7e39307fc78d99842312c113{\nmargin-top:50px;\nmargin-bottom:80px;\n}\n.hr.av-1j31tm-2c200fab7e39307fc78d99842312c113 .hr-inner{\nwidth:100px;\nborder-color:#b4d0e0;\n}\n<\/style>\n<div  class='hr av-1j31tm-2c200fab7e39307fc78d99842312c113 hr-custom  avia-builder-el-2  el_after_av_one_full  el_before_av_one_full  hr-center hr-icon-no'><span class='hr-inner inner-border-av-border-fat'><span class=\"hr-inner-style\"><\/span><\/span><\/div>\n\n<style type=\"text\/css\" data-created_by=\"avia_inline_auto\" id=\"style-css-av-1m2d7e-ad76e4824d4bce94e41b5d669528cff0\">\n.flex_column.av-1m2d7e-ad76e4824d4bce94e41b5d669528cff0{\nborder-radius:0px 0px 0px 0px;\npadding:0px 0px 0px 0px;\n}\n<\/style>\n<div  class='flex_column av-1m2d7e-ad76e4824d4bce94e41b5d669528cff0 av_one_full  avia-builder-el-3  el_after_av_hr  avia-builder-el-last  first flex_column_div av-animated-generic bottom-to-top av-zero-column-padding  '     ><section  class='av_textblock_section av-197x22-2ef83ecea797fb7ea3c7f0a4968aa9de '   itemscope=\"itemscope\" itemtype=\"https:\/\/schema.org\/CreativeWork\" ><div class='avia_textblock'  itemprop=\"text\" ><h2>Information gem\u00e4\u00df \u00a7 5 E-Commerce-Gesetz und Offenlegung gem\u00e4\u00df \u00a7 25 Mediengesetz (Medieninhaber sofern nicht anders angef\u00fchrt):<\/h2>\n<p><strong>Dr. med. univ. Clemens M\u00e4del<\/strong><\/p>\n<p>Josefst\u00e4dter Strasse 14\/14<br \/>\nA-1080 Wien<br \/>\nTel: <a href=\"tel:+4319977210\">+43 1 9977210<\/a>, <a href=\"tel:+4319682111\">+43 1 968 21 11<\/a><br \/>\n<a href=\"mailto:ordination@kinder-arzt.at\">ordination@kinder-arzt.at<\/a><\/p>\n<h3>Berufsbezeichnung:<\/h3>\n<ul>\n<li>Facharzt f\u00fcr Kinder- und Jugendheilkunde<\/li>\n<li>Spezialisierung f\u00fcr p\u00e4diatrische Pneumologie<\/li>\n<li>Spezialisierung f\u00fcr Allergologie<\/li>\n<li>Facharzt f\u00fcr Allgemeinmedizin<\/li>\n<\/ul>\n<p>Titel und Berufsbezeichnung verliehen in \u00d6sterreich, Europ\u00e4ische Union.<\/p>\n<p>Mitglied der \u00d6sterreichischen \u00c4rztekammer sowie der Wiener \u00c4rztekammer.<\/p>\n<p>Berufsrechtliche Vorschriften &#8211; Verweis auf das \u00c4rztegesetz 1998, abrufbar unter<br \/>\n<a href=\"https:\/\/www.ris.bka.gv.at\/GeltendeFassung.wxe?Abfrage=Bundesnormen&amp;Gesetzesnummer=10011138\">\u00c4rztegesetz 1998<\/a><\/p>\n<h3>Zust\u00e4ndige Beh\u00f6rde:<\/h3>\n<p>\u00c4rztekammer f\u00fcr Wien<br \/>\nWeihburggasse 15 A<br \/>\n1010 Wien<\/p>\n<p>T\u00e4tigkeit unterliegt dem \u00c4rztegesetz 1998 (siehe <a href=\"http:\/\/www.ris.bka.gv.at\/bundesrecht\">www.ris.bka.gv.at\/bundesrecht<\/a>)<\/p>\n<h3><strong>Haftungsausschluss:<\/strong><\/h3>\n<p>Alle Rechte vorbehalten. Wir \u00fcbernehmen keine Gew\u00e4hrleistung f\u00fcr die Richtigkeit, Vollst\u00e4ndigkeit und Aktualit\u00e4t von Inhalten dieser Webseite sowie externer Websiten, auf welche diese Website verweist. Ebenso sind auf dieser Seite Fehler und Irrt\u00fcmer nicht ausgeschlossen. Wir \u00fcbernehmen daher auch keine Gew\u00e4hr f\u00fcr diese Informationen.<br \/>\nJede Nutzung der auf der Website zur Verf\u00fcgung gestellten Daten, insbesondere das Legen eines Hyperlinks beziehungsweise das Framing auf oder hinsichtlich auch nur von Teilen dieser Website, bedarf der vorherigen schriftlichen Zustimmung von Dr. Clemens M\u00e4del.<br \/>\nJeglicher Inhalt der Website und ihrer Teile wurde unter Anwendung gr\u00f6\u00dftm\u00f6glicher Sorgfalt erstellt und \u00fcberwacht.<br \/>\nJegliche Haftung bez\u00fcglich Links zu anderen Webseiten sowie f\u00fcr Datenverlust oder andere technische Beeintr\u00e4chtigungen, die beim Betrachten oder Herunterladen von Daten dieser Website entstehen k\u00f6nnen, ist ausgeschlossen.<\/p>\n<p>Allf\u00e4llige Beschwerden sind bitte an die oben genannte E-Mail-Adresse zu wenden.<\/p>\n<p>Fotos: <a href=\"http:\/\/www.melanienedelko.com\/\">Melanie Nedelko<\/a>;<br \/>\n<a href=\"http:\/\/www.melanienedelko.com\/\">www.melanienedelko.com<\/a>; Adobe Stock<\/p>\n<p>Logo\/Webdesign: Mag.art Marion B\u00f6heim,<br \/>\n<a href=\"http:\/\/www.studio15.at\">www.studio15.at<\/a><\/p>\n<p>Website-Umsetzung: <a href=\"https:\/\/2d3d4d.at\">2D3D4D &#8211; Designstudio <\/a><\/p>\n<\/div><\/section><\/div>\n","protected":false},"excerpt":{"rendered":"","protected":false},"author":1,"featured_media":0,"parent":0,"menu_order":22,"comment_status":"closed","ping_status":"closed","template":"","meta":{"inline_featured_image":false,"footnotes":""},"class_list":["post-394","page","type-page","status-publish","hentry"],"_links":{"self":[{"href":"https:\/\/kinder-arzt.at\/de\/wp-json\/wp\/v2\/pages\/394","targetHints":{"allow":["GET"]}}],"collection":[{"href":"https:\/\/kinder-arzt.at\/de\/wp-json\/wp\/v2\/pages"}],"about":[{"href":"https:\/\/kinder-arzt.at\/de\/wp-json\/wp\/v2\/types\/page"}],"author":[{"embeddable":true,"href":"https:\/\/kinder-arzt.at\/de\/wp-json\/wp\/v2\/users\/1"}],"replies":[{"embeddable":true,"href":"https:\/\/kinder-arzt.at\/de\/wp-json\/wp\/v2\/comments?post=394"}],"version-history":[{"count":2,"href":"https:\/\/kinder-arzt.at\/de\/wp-json\/wp\/v2\/pages\/394\/revisions"}],"predecessor-version":[{"id":1444,"href":"https:\/\/kinder-arzt.at\/de\/wp-json\/wp\/v2\/pages\/394\/revisions\/1444"}],"wp:attachment":[{"href":"https:\/\/kinder-arzt.at\/de\/wp-json\/wp\/v2\/media?parent=394"}],"curies":[{"name":"wp","href":"https:\/\/api.w.org\/{rel}","templated":true}]}}