{"id":371,"date":"2020-03-14T14:00:01","date_gmt":"2020-03-14T13:00:01","guid":{"rendered":"http:\/\/kinder-arzt.at\/about-copy-2\/"},"modified":"2024-10-16T15:55:23","modified_gmt":"2024-10-16T13:55:23","slug":"infos-ordination","status":"publish","type":"page","link":"https:\/\/kinder-arzt.at\/de\/infos-ordination\/","title":{"rendered":"Infos &#038; Ordination"},"content":{"rendered":"<div id='av-layout-grid-1'  class='av-layout-grid-container av-2p4hkq-2a5a785f4ed00ab4fa5527acff9d76a8 entry-content-wrapper main_color av-flex-cells  avia-builder-el-0  el_before_av_one_half  avia-builder-el-first   container_wrap fullsize'  >\n\n<style type=\"text\/css\" data-created_by=\"avia_inline_auto\" id=\"style-css-av-2m3iqi-8da06c01215f5fd3780fd872807642ea\">\n.flex_cell.av-2m3iqi-8da06c01215f5fd3780fd872807642ea{\nvertical-align:top;\nheight:200px;\nmin-height:200px;\nbackground:url(https:\/\/kinder-arzt.at\/wp-content\/uploads\/2020\/03\/Ordiation_unten-jpg.avif) 0% 50% no-repeat scroll ;\n}\n.responsive #top #wrap_all .flex_cell.av-2m3iqi-8da06c01215f5fd3780fd872807642ea{\npadding:30px 30px 30px 30px !important;\n}\n<\/style>\n<div class='flex_cell av-2m3iqi-8da06c01215f5fd3780fd872807642ea av-gridrow-cell av_one_half no_margin  avia-builder-el-1  el_before_av_cell_one_half  avia-builder-el-first  content-align-top avia-full-stretch'  ><div class='flex_cell_inner'><\/div><\/div>\n<style type=\"text\/css\" data-created_by=\"avia_inline_auto\" id=\"style-css-av-2ff6qa-0bf5309548184fbd117ed58dce1fd72b\">\n.flex_cell.av-2ff6qa-0bf5309548184fbd117ed58dce1fd72b{\nvertical-align:middle;\nheight:200px;\nmin-height:200px;\nbackground-color:#afd3e8;\n}\n.responsive #top #wrap_all .flex_cell.av-2ff6qa-0bf5309548184fbd117ed58dce1fd72b{\npadding:30px 100px 30px 100px !important;\n}\n<\/style>\n<div class='flex_cell av-2ff6qa-0bf5309548184fbd117ed58dce1fd72b av-gridrow-cell av_one_half no_margin  avia-builder-el-2  el_after_av_cell_one_half  avia-builder-el-last  content-align-middle'  ><div class='flex_cell_inner'>\n<style type=\"text\/css\" data-created_by=\"avia_inline_auto\" id=\"style-css-av-26pq0a-170fdf0fb7070ede5ad5ef3dd7eeec87\">\n.flex_column.av-26pq0a-170fdf0fb7070ede5ad5ef3dd7eeec87{\nborder-radius:0px 0px 0px 0px;\npadding:0px 0px 0px 0px;\n}\n<\/style>\n<div  class='flex_column av-26pq0a-170fdf0fb7070ede5ad5ef3dd7eeec87 av_one_full  avia-builder-el-3  avia-builder-el-no-sibling  first flex_column_div av-animated-generic bottom-to-top av-zero-column-padding  '     ><style type=\"text\/css\" data-created_by=\"avia_inline_auto\" id=\"style-css-av-12kej-6550ed6be3757a864ffff513ff290fe2\">\n#top .av-special-heading.av-12kej-6550ed6be3757a864ffff513ff290fe2{\npadding-bottom:10px;\n}\nbody .av-special-heading.av-12kej-6550ed6be3757a864ffff513ff290fe2 .av-special-heading-tag .heading-char{\nfont-size:25px;\n}\n.av-special-heading.av-12kej-6550ed6be3757a864ffff513ff290fe2 .av-subheading{\nfont-size:15px;\n}\n<\/style>\n<div  class='av-special-heading av-12kej-6550ed6be3757a864ffff513ff290fe2 av-special-heading-h3 blockquote modern-quote  avia-builder-el-4  avia-builder-el-no-sibling '><h3 class='av-special-heading-tag '  itemprop=\"headline\"  >INFOS UND ORDINATION<\/h3><div class=\"special-heading-border\"><div class=\"special-heading-inner-border\"><\/div><\/div><\/div><\/div>\n<\/div><\/div>\n<\/div><div id='after_grid_row_1'  class='main_color av_default_container_wrap container_wrap fullsize'  ><div class='container av-section-cont-open' ><div class='template-page content  av-content-full alpha units'><div class='post-entry post-entry-type-page post-entry-371'><div class='entry-content-wrapper clearfix'>\n\n<style type=\"text\/css\" data-created_by=\"avia_inline_auto\" id=\"style-css-av-1m2d7e-ad76e4824d4bce94e41b5d669528cff0\">\n.flex_column.av-1m2d7e-ad76e4824d4bce94e41b5d669528cff0{\nborder-radius:0px 0px 0px 0px;\npadding:0px 0px 0px 0px;\n}\n<\/style>\n<div  class='flex_column av-1m2d7e-ad76e4824d4bce94e41b5d669528cff0 av_one_half  avia-builder-el-5  el_after_av_layout_row  el_before_av_one_half  avia-builder-el-first  first flex_column_div av-animated-generic bottom-to-top av-zero-column-padding  '     ><section  class='av_textblock_section av-197x22-2ef83ecea797fb7ea3c7f0a4968aa9de '   itemscope=\"itemscope\" itemtype=\"https:\/\/schema.org\/CreativeWork\" ><div class='avia_textblock'  itemprop=\"text\" ><p>Hier steht Ihr Kind mit seinem Wohlbefinden im Mittelpunkt. Eine angenehme Atmosph\u00e4re und ausreichend Zeit bilden den Rahmen, in dem Ihr Kind als autonome Pers\u00f6nlichkeit wahrgenommen wird und in dem auf seine Bed\u00fcrfnisse eingegangen wird.<\/p>\n<p>Untersuchung und Behandlung Ihres Kindes, Beratung und Kl\u00e4rung aller Fragen ohne Zeitdruck und mit Einf\u00fchlungsverm\u00f6gen sind f\u00fcr uns wesentlich.<\/p>\n<p>F\u00fcr Kinder mit Atembeschwerden oder Asthma steht neben dem EKG auch eine Spirometrie (Lungenfunktion) sowie die Messung des FeNo zur Verf\u00fcgung.<\/p>\n<\/div><\/section><\/div>\n<style type=\"text\/css\" data-created_by=\"avia_inline_auto\" id=\"style-css-av-1m2d7e-c5cff990e63e209777f69fbcd3d832eb\">\n.flex_column.av-1m2d7e-c5cff990e63e209777f69fbcd3d832eb{\nborder-radius:0px 0px 0px 0px;\npadding:0px 0px 0px 0px;\n}\n<\/style>\n<div  class='flex_column av-1m2d7e-c5cff990e63e209777f69fbcd3d832eb av_one_half  avia-builder-el-7  el_after_av_one_half  el_before_av_hr  flex_column_div av-animated-generic bottom-to-top av-zero-column-padding  '     ><section  class='av_textblock_section av-197x22-2ef83ecea797fb7ea3c7f0a4968aa9de '   itemscope=\"itemscope\" itemtype=\"https:\/\/schema.org\/CreativeWork\" ><div class='avia_textblock'  itemprop=\"text\" ><p>Im Rahmen der Allergieabkl\u00e4rung werden neben allen Laboruntersuchungen (Blutabnahme entweder direkt in der Ordination bzw. in einem Partnerlabor) auch Hauttestungen f\u00fcr alle g\u00e4ngigen Allergene direkt in der Ordination durchgef\u00fchrt.<\/p>\n<p>Erweiterte allergologische Untersuchungen, sowie Nahrungsmittel-Provokationstests k\u00f6nnen bei Bedarf in der Klinik Ottakring Wien durchgef\u00fchrt werden.<\/p>\n<p>Falls spezielle Untersuchungen oder Therapien notwendig sind, die in der Ordination nicht m\u00f6glich sind, unterst\u00fctze ich Sie gerne, wenn diese in einem Spital durchgef\u00fchrt werden. Ich bin als Oberarzt an der Abteilung f\u00fcr Kinder- und Jugendheilkunde Klinik Ottakring t\u00e4tig.<\/p>\n<\/div><\/section><\/div>\n<style type=\"text\/css\" data-created_by=\"avia_inline_auto\" id=\"style-css-av-1j31tm-2c200fab7e39307fc78d99842312c113\">\n#top .hr.av-1j31tm-2c200fab7e39307fc78d99842312c113{\nmargin-top:50px;\nmargin-bottom:80px;\n}\n.hr.av-1j31tm-2c200fab7e39307fc78d99842312c113 .hr-inner{\nwidth:100px;\nborder-color:#b4d0e0;\n}\n<\/style>\n<div  class='hr av-1j31tm-2c200fab7e39307fc78d99842312c113 hr-custom  avia-builder-el-9  el_after_av_one_half  el_before_av_one_half  hr-center hr-icon-no'><span class='hr-inner inner-border-av-border-fat'><span class=\"hr-inner-style\"><\/span><\/span><\/div><\/p>\n\n<style type=\"text\/css\" data-created_by=\"avia_inline_auto\" id=\"style-css-av-1m2d7e-ad76e4824d4bce94e41b5d669528cff0\">\n.flex_column.av-1m2d7e-ad76e4824d4bce94e41b5d669528cff0{\nborder-radius:0px 0px 0px 0px;\npadding:0px 0px 0px 0px;\n}\n<\/style>\n<div  class='flex_column av-1m2d7e-ad76e4824d4bce94e41b5d669528cff0 av_one_half  avia-builder-el-10  el_after_av_hr  el_before_av_one_half  first flex_column_div av-animated-generic bottom-to-top av-zero-column-padding  '     ><section  class='av_textblock_section av-197x22-2ef83ecea797fb7ea3c7f0a4968aa9de '   itemscope=\"itemscope\" itemtype=\"https:\/\/schema.org\/CreativeWork\" ><div class='avia_textblock'  itemprop=\"text\" ><h3>Interdisziplin\u00e4res Team<\/h3>\n<p><b>Nur ein umfassender Blick auf das Kind oder den Jugendlichen verschafft ein ganzheitliches Bild \u00fcber die Heilungswege. Dies gelingt nur im Rahmen einer interdisziplin\u00e4ren Betreuung der PatientInnen.<\/b><\/p>\n<p>Um Ihnen ein m\u00f6glichst umfangreiches Angebot anzubieten, arbeite ich mit Spezialisten aus verschiedensten Fachbereichen der Kinderheilkunde und Physiotherapie zusammen \u2013 der Vorteil f\u00fcr Sie: ein qualitativ hochwertiges, ganzheitliches Behandlungsspektrum.<\/p>\n<\/div><\/section><\/div>\n<style type=\"text\/css\" data-created_by=\"avia_inline_auto\" id=\"style-css-av-1m2d7e-c5cff990e63e209777f69fbcd3d832eb\">\n.flex_column.av-1m2d7e-c5cff990e63e209777f69fbcd3d832eb{\nborder-radius:0px 0px 0px 0px;\npadding:0px 0px 0px 0px;\n}\n<\/style>\n<div  class='flex_column av-1m2d7e-c5cff990e63e209777f69fbcd3d832eb av_one_half  avia-builder-el-12  el_after_av_one_half  el_before_av_hr  flex_column_div av-animated-generic bottom-to-top av-zero-column-padding  '     ><section  class='av_textblock_section av-197x22-2ef83ecea797fb7ea3c7f0a4968aa9de '   itemscope=\"itemscope\" itemtype=\"https:\/\/schema.org\/CreativeWork\" ><div class='avia_textblock'  itemprop=\"text\" ><h3>Rasche Termine, keine Wartezeiten, ausreichend Zeit f\u00fcr die PatientInnen<\/h3>\n<p>Unsere Ordination ist eine Wahlarzt-Praxis. Durch die Unabh\u00e4ngigkeit von Kassentarifen nehmen wir uns f\u00fcr Ihr Kind und Sie so viel Zeit wie n\u00f6tig \u2013 ohne Vorgaben durch Krankenkassen. Dadurch ist es uns auch m\u00f6glich, rasch Termine zu vergeben. Das bedeutet: es gibt im Regelfall kurze Wartezeiten. Begutachtungen ohne Termin sind aus organisatorischen Gr\u00fcnden im Regelfall nicht m\u00f6glich, meistens ist es aber m\u00f6glich, zeitnah einen Termin zu finden.<\/p>\n<\/div><\/section><\/div>\n<style type=\"text\/css\" data-created_by=\"avia_inline_auto\" id=\"style-css-av-1j31tm-2c200fab7e39307fc78d99842312c113\">\n#top .hr.av-1j31tm-2c200fab7e39307fc78d99842312c113{\nmargin-top:50px;\nmargin-bottom:80px;\n}\n.hr.av-1j31tm-2c200fab7e39307fc78d99842312c113 .hr-inner{\nwidth:100px;\nborder-color:#b4d0e0;\n}\n<\/style>\n<div  class='hr av-1j31tm-2c200fab7e39307fc78d99842312c113 hr-custom  avia-builder-el-14  el_after_av_one_half  el_before_av_one_half  hr-center hr-icon-no'><span class='hr-inner inner-border-av-border-fat'><span class=\"hr-inner-style\"><\/span><\/span><\/div><\/p>\n\n<style type=\"text\/css\" data-created_by=\"avia_inline_auto\" id=\"style-css-av-1m2d7e-ad76e4824d4bce94e41b5d669528cff0\">\n.flex_column.av-1m2d7e-ad76e4824d4bce94e41b5d669528cff0{\nborder-radius:0px 0px 0px 0px;\npadding:0px 0px 0px 0px;\n}\n<\/style>\n<div  class='flex_column av-1m2d7e-ad76e4824d4bce94e41b5d669528cff0 av_one_half  avia-builder-el-15  el_after_av_hr  el_before_av_one_half  first flex_column_div av-animated-generic bottom-to-top av-zero-column-padding  '     ><section  class='av_textblock_section av-197x22-2ef83ecea797fb7ea3c7f0a4968aa9de '   itemscope=\"itemscope\" itemtype=\"https:\/\/schema.org\/CreativeWork\" ><div class='avia_textblock'  itemprop=\"text\" ><h3>Verrechnung:<\/h3>\n<p><strong>Die Leistungen unserer Ordination sind grunds\u00e4tzlich Privatleistungen. Die von uns ausgestellte Rechnung k\u00f6nnen Sie aber bei der Krankenversicherung bzw. Privaten Zusatzversicherung Ihres Kindes einreichen. Auf die H\u00f6he der Kostenerstattungen durch ebendiese haben wir leider keinen Einfluss.<\/strong><\/p>\n<p>Viele Zusatzversicherungen decken die Kosten f\u00fcr die Differenz zwischen dem von der Krankenkasse r\u00fcckerstatteten Betrag und dem Honorar f\u00fcr den Besuch bei Wahl\u00e4rzten ab.<\/p>\n<p>Sie k\u00f6nnen in der Ordination nur mit Bankomatkarte oder Kreditkarte bzw. in Ausnahmef\u00e4llen auch per \u00dcberweisung bezahlen. Wir haben die Preisgestaltung so transparent wie m\u00f6glich gestaltet. N\u00e4here Informationen erhalten Sie gerne in einem pers\u00f6nlichen Gespr\u00e4ch, telefonisch bzw. per E-Mail.<\/p>\n<p>Als Wahlarzt stelle ich f\u00fcr Ihr Kind Verordnungen, Facharzt-\u00dcberweisungen, Wahlarztrezepte (diese werden in Apotheken wie gew\u00f6hnliche Rezepte behandelt) und diverse Best\u00e4tigungen (z.B. Pflegefreistellungen) aus.<\/p>\n<\/div><\/section><\/div>\n<style type=\"text\/css\" data-created_by=\"avia_inline_auto\" id=\"style-css-av-1m2d7e-c5cff990e63e209777f69fbcd3d832eb\">\n.flex_column.av-1m2d7e-c5cff990e63e209777f69fbcd3d832eb{\nborder-radius:0px 0px 0px 0px;\npadding:0px 0px 0px 0px;\n}\n<\/style>\n<div  class='flex_column av-1m2d7e-c5cff990e63e209777f69fbcd3d832eb av_one_half  avia-builder-el-17  el_after_av_one_half  el_before_av_one_full  flex_column_div av-animated-generic bottom-to-top av-zero-column-padding  '     ><section  class='av_textblock_section av-197x22-9a8ddebee1d5fccb39bbce51419bfbd5 '   itemscope=\"itemscope\" itemtype=\"https:\/\/schema.org\/CreativeWork\" ><div class='avia_textblock'  itemprop=\"text\" ><p>Sie k\u00f6nnen in der Ordination nur mit Bankomatkarte oder Kreditkarte bzw. in Ausnahmef\u00e4llen auch per \u00dcberweisung bezahlen. Wir haben die Preisgestaltung so transparent wie m\u00f6glich gestaltet. N\u00e4here Informationen erhalten Sie gerne in einem pers\u00f6nlichen Gespr\u00e4ch, telefonisch bzw. per E-Mail.<\/p>\n<p>Als Wahlarzt stelle ich f\u00fcr Ihr Kind Verordnungen, Facharzt-\u00dcberweisungen, Wahlarztrezepte (diese werden in Apotheken wie gew\u00f6hnliche Rezepte behandelt) und diverse Best\u00e4tigungen (z.B. Pflegefreistellungen) aus.<\/p>\n<\/div><\/section><\/div><\/p>\n\n<style type=\"text\/css\" data-created_by=\"avia_inline_auto\" id=\"style-css-av-1m2d7e-ad76e4824d4bce94e41b5d669528cff0\">\n.flex_column.av-1m2d7e-ad76e4824d4bce94e41b5d669528cff0{\nborder-radius:0px 0px 0px 0px;\npadding:0px 0px 0px 0px;\n}\n<\/style>\n<div  class='flex_column av-1m2d7e-ad76e4824d4bce94e41b5d669528cff0 av_one_full  avia-builder-el-19  el_after_av_one_half  avia-builder-el-last  first flex_column_div av-animated-generic bottom-to-top av-zero-column-padding  column-top-margin'     ><section  class='av_textblock_section av-ltormvhx-5b03f49d8cedd1c3dc032825b9b96dc1 '   itemscope=\"itemscope\" itemtype=\"https:\/\/schema.org\/CreativeWork\" ><div class='avia_textblock'  itemprop=\"text\" ><div  class='avia-button-wrap av-a21w1-53f56575bb2e3c231235b6fb672e6253-wrap avia-button-center  avia-builder-el-21  avia-builder-el-no-sibling '>\n<style type=\"text\/css\" data-created_by=\"avia_inline_auto\" id=\"style-css-av-a21w1-53f56575bb2e3c231235b6fb672e6253\">\n#top #wrap_all .avia-button.av-a21w1-53f56575bb2e3c231235b6fb672e6253{\nbackground-color:#afd3e8;\nborder-color:#afd3e8;\ncolor:#3c3c3c;\ntransition:all 0.4s ease-in-out;\n}\n#top #wrap_all .avia-button.av-a21w1-53f56575bb2e3c231235b6fb672e6253 .avia-svg-icon svg:first-child{\nfill:#3c3c3c;\nstroke:#3c3c3c;\n}\n<\/style>\n<a href='https:\/\/kinder-arzt.at\/kontakt\/#online-terminbuchung'  class='avia-button av-a21w1-53f56575bb2e3c231235b6fb672e6253 av-link-btn avia-icon_select-yes-left-icon avia-size-x-large avia-position-center'   aria-label=\"Online-Terminbuchung\"><span class='avia_button_icon avia_button_icon_left avia-iconfont avia-font-entypo-fontello' data-av_icon='\ue85b' data-av_iconfont='entypo-fontello' ><\/span><span class='avia_iconbox_title' >Online-Terminbuchung<\/span><\/a><\/div>\n<\/div><\/section><\/div>\n","protected":false},"excerpt":{"rendered":"","protected":false},"author":1,"featured_media":0,"parent":0,"menu_order":21,"comment_status":"closed","ping_status":"closed","template":"","meta":{"inline_featured_image":false,"footnotes":""},"class_list":["post-371","page","type-page","status-publish","hentry"],"_links":{"self":[{"href":"https:\/\/kinder-arzt.at\/de\/wp-json\/wp\/v2\/pages\/371","targetHints":{"allow":["GET"]}}],"collection":[{"href":"https:\/\/kinder-arzt.at\/de\/wp-json\/wp\/v2\/pages"}],"about":[{"href":"https:\/\/kinder-arzt.at\/de\/wp-json\/wp\/v2\/types\/page"}],"author":[{"embeddable":true,"href":"https:\/\/kinder-arzt.at\/de\/wp-json\/wp\/v2\/users\/1"}],"replies":[{"embeddable":true,"href":"https:\/\/kinder-arzt.at\/de\/wp-json\/wp\/v2\/comments?post=371"}],"version-history":[{"count":4,"href":"https:\/\/kinder-arzt.at\/de\/wp-json\/wp\/v2\/pages\/371\/revisions"}],"predecessor-version":[{"id":1412,"href":"https:\/\/kinder-arzt.at\/de\/wp-json\/wp\/v2\/pages\/371\/revisions\/1412"}],"wp:attachment":[{"href":"https:\/\/kinder-arzt.at\/de\/wp-json\/wp\/v2\/media?parent=371"}],"curies":[{"name":"wp","href":"https:\/\/api.w.org\/{rel}","templated":true}]}}