{"id":345,"date":"2020-03-14T13:06:24","date_gmt":"2020-03-14T12:06:24","guid":{"rendered":"http:\/\/kinder-arzt.at\/about-copy-copy-copy-copy-copy\/"},"modified":"2024-10-16T15:15:21","modified_gmt":"2024-10-16T13:15:21","slug":"allergien","status":"publish","type":"page","link":"https:\/\/kinder-arzt.at\/de\/allergien\/","title":{"rendered":"Allergien"},"content":{"rendered":"<div id='av-layout-grid-1'  class='av-layout-grid-container av-2p4hkq-2a5a785f4ed00ab4fa5527acff9d76a8 entry-content-wrapper main_color av-flex-cells  avia-builder-el-0  el_before_av_section  avia-builder-el-first   container_wrap fullsize'  >\n\n<style type=\"text\/css\" data-created_by=\"avia_inline_auto\" id=\"style-css-av-2m3iqi-9303f926a2c812d3ec17c5bcb526f744\">\n.flex_cell.av-2m3iqi-9303f926a2c812d3ec17c5bcb526f744{\nvertical-align:top;\nheight:200px;\nmin-height:200px;\nbackground:url(https:\/\/kinder-arzt.at\/wp-content\/uploads\/2020\/03\/Allergie_quer-1030x484.avif) 0% 50% no-repeat scroll ;\n}\n.responsive #top #wrap_all .flex_cell.av-2m3iqi-9303f926a2c812d3ec17c5bcb526f744{\npadding:30px 30px 30px 30px !important;\n}\n<\/style>\n<div class='flex_cell av-2m3iqi-9303f926a2c812d3ec17c5bcb526f744 av-gridrow-cell av_one_half no_margin  avia-builder-el-1  el_before_av_cell_one_half  avia-builder-el-first  content-align-top avia-full-stretch'  ><div class='flex_cell_inner'><\/div><\/div>\n<style type=\"text\/css\" data-created_by=\"avia_inline_auto\" id=\"style-css-av-2ff6qa-0bf5309548184fbd117ed58dce1fd72b\">\n.flex_cell.av-2ff6qa-0bf5309548184fbd117ed58dce1fd72b{\nvertical-align:middle;\nheight:200px;\nmin-height:200px;\nbackground-color:#afd3e8;\n}\n.responsive #top #wrap_all .flex_cell.av-2ff6qa-0bf5309548184fbd117ed58dce1fd72b{\npadding:30px 100px 30px 100px !important;\n}\n<\/style>\n<div class='flex_cell av-2ff6qa-0bf5309548184fbd117ed58dce1fd72b av-gridrow-cell av_one_half no_margin  avia-builder-el-2  el_after_av_cell_one_half  avia-builder-el-last  content-align-middle'  ><div class='flex_cell_inner'>\n<style type=\"text\/css\" data-created_by=\"avia_inline_auto\" id=\"style-css-av-26pq0a-170fdf0fb7070ede5ad5ef3dd7eeec87\">\n.flex_column.av-26pq0a-170fdf0fb7070ede5ad5ef3dd7eeec87{\nborder-radius:0px 0px 0px 0px;\npadding:0px 0px 0px 0px;\n}\n<\/style>\n<div  class='flex_column av-26pq0a-170fdf0fb7070ede5ad5ef3dd7eeec87 av_one_full  avia-builder-el-3  avia-builder-el-no-sibling  first flex_column_div av-animated-generic bottom-to-top av-zero-column-padding  '     ><style type=\"text\/css\" data-created_by=\"avia_inline_auto\" id=\"style-css-av-k7xpequ5-61b3f4a46a8ad8d9114e900594871081\">\n#top .av-special-heading.av-k7xpequ5-61b3f4a46a8ad8d9114e900594871081{\npadding-bottom:10px;\n}\nbody .av-special-heading.av-k7xpequ5-61b3f4a46a8ad8d9114e900594871081 .av-special-heading-tag .heading-char{\nfont-size:25px;\n}\n.av-special-heading.av-k7xpequ5-61b3f4a46a8ad8d9114e900594871081 .av-subheading{\nfont-size:15px;\n}\n<\/style>\n<div  class='av-special-heading av-k7xpequ5-61b3f4a46a8ad8d9114e900594871081 av-special-heading-h3 blockquote modern-quote  avia-builder-el-4  avia-builder-el-no-sibling '><h3 class='av-special-heading-tag '  itemprop=\"headline\"  >Hat mein Kind Allergien?<\/h3><div class=\"special-heading-border\"><div class=\"special-heading-inner-border\"><\/div><\/div><\/div><\/div>\n<\/div><\/div>\n<\/div>\n<div id='av_section_1'  class='avia-section av-1oglde-2d9227effe751f910158854fee4e542c main_color avia-section-large avia-no-border-styling  avia-builder-el-5  el_after_av_layout_row  el_before_av_layout_row  avia-bg-style-scroll container_wrap fullsize'  ><div class='container av-section-cont-open' ><div class='template-page content  av-content-full alpha units'><div class='post-entry post-entry-type-page post-entry-345'><div class='entry-content-wrapper clearfix'>\n\n<style type=\"text\/css\" data-created_by=\"avia_inline_auto\" id=\"style-css-av-1m2d7e-ad76e4824d4bce94e41b5d669528cff0\">\n.flex_column.av-1m2d7e-ad76e4824d4bce94e41b5d669528cff0{\nborder-radius:0px 0px 0px 0px;\npadding:0px 0px 0px 0px;\n}\n<\/style>\n<div  class='flex_column av-1m2d7e-ad76e4824d4bce94e41b5d669528cff0 av_one_half  avia-builder-el-6  el_before_av_one_half  avia-builder-el-first  first flex_column_div av-animated-generic bottom-to-top av-zero-column-padding  '     ><section  class='av_textblock_section av-197x22-2ef83ecea797fb7ea3c7f0a4968aa9de '   itemscope=\"itemscope\" itemtype=\"https:\/\/schema.org\/CreativeWork\" ><div class='avia_textblock'  itemprop=\"text\" ><p>Die H\u00e4ufigkeit von Allergien in der Bev\u00f6lkerung nimmt stetig zu. Das Ausma\u00df der allergischen Beschwerden und die damit einhergehenden gesundheitlichen Folgen k\u00f6nnen unseren Alltag ma\u00dfgeblich und ein Leben lang beeintr\u00e4chtigen. Eine fundierte <strong>Allergie-Diagnostik<\/strong> ist essentiell, um die laufend hinzukommenden therapeutischen Ma\u00dfnahmen (zum Beispiel Allergieimpfung\/Allergietabletten) optimal zu n\u00fctzen und Langzeitfolgen zu verhindern. Oft bleibt Kindern eine Therapie, die ihnen eine deutliche Linderung der Beschwerden bietet, aufgrund unzureichender Diagnosestellung und Beratung verwehrt. Zudem werden oft belastende Therapien gestartet, ohne mit entsprechenden Untersuchungen die Notwendigkeit solcher Therapien zu rechtfertigen.<\/p>\n<\/div><\/section><\/div>\n<style type=\"text\/css\" data-created_by=\"avia_inline_auto\" id=\"style-css-av-1m2d7e-c5cff990e63e209777f69fbcd3d832eb\">\n.flex_column.av-1m2d7e-c5cff990e63e209777f69fbcd3d832eb{\nborder-radius:0px 0px 0px 0px;\npadding:0px 0px 0px 0px;\n}\n<\/style>\n<div  class='flex_column av-1m2d7e-c5cff990e63e209777f69fbcd3d832eb av_one_half  avia-builder-el-8  el_after_av_one_half  avia-builder-el-last  flex_column_div av-animated-generic bottom-to-top av-zero-column-padding  '     ><section  class='av_textblock_section av-197x22-2ef83ecea797fb7ea3c7f0a4968aa9de '   itemscope=\"itemscope\" itemtype=\"https:\/\/schema.org\/CreativeWork\" ><div class='avia_textblock'  itemprop=\"text\" ><p>Das Fundament in der Allergie-Diagnostik ist die Anamnese mit der Erfassung der Symptome. Eine detaillierte Aufkl\u00e4rung der Eltern und PatientInnen, dar\u00fcber, wie Allergien funktionieren und wie sie behandeln werden, bilden die Basis jedes diagnostischen Gespr\u00e4chs. Darauf aufbauend, werden neueste <strong>Allergietests<\/strong> (Hauttest und Bluttests wie zB. <strong>Chip-Diagnostik<\/strong>) in meiner Ordination durchgef\u00fchrt. Dieser diagnostische Schritt soll durch besonders viel Zeit in einer angenehmen und stressfreien Umgebung erm\u00f6glicht werden. In meiner Ordination kann ich mir besonders viel Zeit f\u00fcr Sie bzw. Ihr Kind nehmen.<\/p>\n<\/div><\/section><\/div><\/div><\/div><\/div><!-- close content main div --><\/div><\/div><div id='av-layout-grid-2'  class='av-layout-grid-container av-f1471-96d4a3d65e59e6e0a2efbbeb37e548c7 entry-content-wrapper alternate_color av-flex-cells  avia-builder-el-10  el_after_av_section  el_before_av_one_full  grid-row-not-first  container_wrap fullsize'  >\n\n<style type=\"text\/css\" data-created_by=\"avia_inline_auto\" id=\"style-css-av-boupx-b167ba56e550958350b7623bd9e66cec\">\n.flex_cell.av-boupx-b167ba56e550958350b7623bd9e66cec{\nvertical-align:middle;\nheight:200px;\nmin-height:200px;\n}\n.responsive #top #wrap_all .flex_cell.av-boupx-b167ba56e550958350b7623bd9e66cec{\npadding:30px 100px 30px 100px !important;\n}\n<\/style>\n<div class='flex_cell av-boupx-b167ba56e550958350b7623bd9e66cec av-gridrow-cell av_one_half no_margin  avia-builder-el-11  el_before_av_cell_one_half  avia-builder-el-first  content-align-middle'  ><div class='flex_cell_inner'>\n<style type=\"text\/css\" data-created_by=\"avia_inline_auto\" id=\"style-css-av-26pq0a-170fdf0fb7070ede5ad5ef3dd7eeec87\">\n.flex_column.av-26pq0a-170fdf0fb7070ede5ad5ef3dd7eeec87{\nborder-radius:0px 0px 0px 0px;\npadding:0px 0px 0px 0px;\n}\n<\/style>\n<div  class='flex_column av-26pq0a-170fdf0fb7070ede5ad5ef3dd7eeec87 av_one_full  avia-builder-el-12  avia-builder-el-no-sibling  first flex_column_div av-animated-generic bottom-to-top av-zero-column-padding  '     ><style type=\"text\/css\" data-created_by=\"avia_inline_auto\" id=\"style-css-av-aspbl-ed8383f6beefdc2f657e16f19447ba7c\">\n#top .av-special-heading.av-aspbl-ed8383f6beefdc2f657e16f19447ba7c{\npadding-bottom:10px;\n}\nbody .av-special-heading.av-aspbl-ed8383f6beefdc2f657e16f19447ba7c .av-special-heading-tag .heading-char{\nfont-size:25px;\n}\n.av-special-heading.av-aspbl-ed8383f6beefdc2f657e16f19447ba7c .av-subheading{\nfont-size:15px;\n}\n<\/style>\n<div  class='av-special-heading av-aspbl-ed8383f6beefdc2f657e16f19447ba7c av-special-heading-h3 blockquote modern-quote  avia-builder-el-13  avia-builder-el-no-sibling '><h3 class='av-special-heading-tag '  itemprop=\"headline\"  >Ein ausf\u00fchrliches Gespr\u00e4ch ersetzt viele aufwendige und belastende Untersuchungen.<\/h3><div class=\"special-heading-border\"><div class=\"special-heading-inner-border\"><\/div><\/div><\/div><\/div>\n<\/div><\/div>\n<style type=\"text\/css\" data-created_by=\"avia_inline_auto\" id=\"style-css-av-k8255pof-d62112a006536b6f67afc9e00b0ad9f6\">\n.flex_cell.av-k8255pof-d62112a006536b6f67afc9e00b0ad9f6{\nvertical-align:middle;\nheight:200px;\nmin-height:200px;\nbackground:url(https:\/\/kinder-arzt.at\/wp-content\/uploads\/2020\/03\/Allergien_unten-jpg.avif) 50% 50% no-repeat scroll ;\n}\n.responsive #top #wrap_all .flex_cell.av-k8255pof-d62112a006536b6f67afc9e00b0ad9f6{\npadding:30px 30px 30px 30px !important;\n}\n<\/style>\n<div class='flex_cell av-k8255pof-d62112a006536b6f67afc9e00b0ad9f6 av-gridrow-cell av_one_half no_margin  avia-builder-el-14  el_after_av_cell_one_half  avia-builder-el-last  content-align-middle avia-full-stretch'  ><div class='flex_cell_inner'><\/div><\/div><\/div><div id='after_grid_row_2'  class='main_color av_default_container_wrap container_wrap fullsize'  ><div class='container av-section-cont-open' ><div class='template-page content  av-content-full alpha units'><div class='post-entry post-entry-type-page post-entry-345'><div class='entry-content-wrapper clearfix'>\n<style type=\"text\/css\" data-created_by=\"avia_inline_auto\" id=\"style-css-av-97702-fd146f2b1e46d5a03bfc721c9cd4cb8a\">\n.flex_column.av-97702-fd146f2b1e46d5a03bfc721c9cd4cb8a{\nborder-radius:0px 0px 0px 0px;\npadding:0px 0px 0px 0px;\n}\n<\/style>\n<div  class='flex_column av-97702-fd146f2b1e46d5a03bfc721c9cd4cb8a av_one_full  avia-builder-el-15  el_after_av_layout_row  el_before_av_hr  avia-builder-el-first  first flex_column_div av-animated-generic bottom-to-top av-zero-column-padding  '     ><style type=\"text\/css\" data-created_by=\"avia_inline_auto\" id=\"style-css-av-k8hufnb2-a5ff99fc144243e13b4483526ab08e04\">\n#top .av-special-heading.av-k8hufnb2-a5ff99fc144243e13b4483526ab08e04{\npadding-bottom:20px;\ncolor:#000000;\n}\nbody .av-special-heading.av-k8hufnb2-a5ff99fc144243e13b4483526ab08e04 .av-special-heading-tag .heading-char{\nfont-size:25px;\n}\n.av-special-heading.av-k8hufnb2-a5ff99fc144243e13b4483526ab08e04 .special-heading-inner-border{\nborder-color:#000000;\n}\n.av-special-heading.av-k8hufnb2-a5ff99fc144243e13b4483526ab08e04 .av-subheading{\nfont-size:15px;\n}\n<\/style>\n<div  class='av-special-heading av-k8hufnb2-a5ff99fc144243e13b4483526ab08e04 av-special-heading-h3 custom-color-heading blockquote modern-quote modern-centered  avia-builder-el-16  avia-builder-el-no-sibling '><h3 class='av-special-heading-tag '  itemprop=\"headline\"  >Folgende Allergie-Untersuchungen werden in der Ordination angeboten:<\/h3><div class=\"special-heading-border\"><div class=\"special-heading-inner-border\"><\/div><\/div><\/div><\/div><\/p>\n\n<style type=\"text\/css\" data-created_by=\"avia_inline_auto\" id=\"style-css-av-1j31tm-2c200fab7e39307fc78d99842312c113\">\n#top .hr.av-1j31tm-2c200fab7e39307fc78d99842312c113{\nmargin-top:50px;\nmargin-bottom:80px;\n}\n.hr.av-1j31tm-2c200fab7e39307fc78d99842312c113 .hr-inner{\nwidth:100px;\nborder-color:#b4d0e0;\n}\n<\/style>\n<div  class='hr av-1j31tm-2c200fab7e39307fc78d99842312c113 hr-custom  avia-builder-el-17  el_after_av_one_full  el_before_av_one_half  hr-center hr-icon-no'><span class='hr-inner inner-border-av-border-fat'><span class=\"hr-inner-style\"><\/span><\/span><\/div>\n\n<style type=\"text\/css\" data-created_by=\"avia_inline_auto\" id=\"style-css-av-1m2d7e-ad76e4824d4bce94e41b5d669528cff0\">\n.flex_column.av-1m2d7e-ad76e4824d4bce94e41b5d669528cff0{\nborder-radius:0px 0px 0px 0px;\npadding:0px 0px 0px 0px;\n}\n<\/style>\n<div  class='flex_column av-1m2d7e-ad76e4824d4bce94e41b5d669528cff0 av_one_half  avia-builder-el-18  el_after_av_hr  el_before_av_one_half  first flex_column_div av-animated-generic bottom-to-top av-zero-column-padding  '     ><section  class='av_textblock_section av-197x22-2ef83ecea797fb7ea3c7f0a4968aa9de '   itemscope=\"itemscope\" itemtype=\"https:\/\/schema.org\/CreativeWork\" ><div class='avia_textblock'  itemprop=\"text\" ><ul>\n<li>Ausf\u00fchrliche Anamnese und Erhebung\/Auswertung von Beschwerden (Beschwerdetagebuch, \u2026)<\/li>\n<li>Hauttests (Prick-Test, Prick-to-Prick-Test)<\/li>\n<li>Blutabnahme und Laboruntersuchung (IgE+RAST, bei Bedarf ISAC-Chip-Test, ALEX-Test)<\/li>\n<li>Lungenfunktionstestung<\/li>\n<\/ul>\n<p>Folgende Allergie-Untersuchungen werden im Rahmen eines kurzen station\u00e4ren Aufenthaltes angeboten:<\/p>\n<ul>\n<li>Orale Nahrungsmittelprovokation (Test auf IgE-vermittelte Nahrungsmittelallergien)<\/li>\n<\/ul>\n<p>Folgende <strong>Therapien<\/strong> werden bei Allergien in der Ordination angeboten:<\/p>\n<ul>\n<li>Ausf\u00fchrliche Aufkl\u00e4rung<\/li>\n<li>Schulung der Familie zur Anwendung eines Notfallsets (z. B. bei Erdnussallergie), Ausstellung eines international g\u00fcltigen Allergieausweises<\/li>\n<li>SCIT \u2013 subkutane Immuntherapie \u2013 \u201eAllergiespritze\u201c<\/li>\n<li>SLIT \u2013 sublinguale Immuntherapie \u2013 \u201eAllergietropfen\/Allergietabletten\u201c<\/li>\n<li>Generelle unterst\u00fctzende medikament\u00f6se Therapie der Allergie<\/li>\n<li>Di\u00e4tologische Beratung bei Nahrungsmittelallergien in Zusammenarbeit mit unserer diplomierten Ern\u00e4hrungsberaterin<\/li>\n<li>Beratung zur Verbesserung der Allergenvermeidung<\/li>\n<li>Therapie der Neurodermitis<\/li>\n<li>Therapie eines allergischen Asthma bronchiale bzw. allergieinduzierten Hustens und Schnupfens sowie Augensymptomen<\/li>\n<\/ul>\n<p>Andere diagnostische und therapeutische Ma\u00dfnahmen, die nicht ambulant durchgef\u00fchrt werden k\u00f6nnen, sondern f\u00fcr die ein Krankenhausaufenthalt erforderlich ist, wie zum Beispiel die Einstellung auf eine Allergiespritze bei Insektengiftallergien, Impfungen bei besonders starker Ei-Allergie oder weiterf\u00fchrende Atemtests sowie Nahrungsmittelprovokationstestungen, k\u00f6nnen im Wilhelminenspital der Stadt Wien durchgef\u00fchrt werden, wo ich als Facharzt t\u00e4tig bin.<\/p>\n<\/div><\/section><\/div>\n<style type=\"text\/css\" data-created_by=\"avia_inline_auto\" id=\"style-css-av-1m2d7e-c5cff990e63e209777f69fbcd3d832eb\">\n.flex_column.av-1m2d7e-c5cff990e63e209777f69fbcd3d832eb{\nborder-radius:0px 0px 0px 0px;\npadding:0px 0px 0px 0px;\n}\n<\/style>\n<div  class='flex_column av-1m2d7e-c5cff990e63e209777f69fbcd3d832eb av_one_half  avia-builder-el-20  el_after_av_one_half  avia-builder-el-last  flex_column_div av-animated-generic bottom-to-top av-zero-column-padding  '     ><section  class='av_textblock_section av-197x22-2ef83ecea797fb7ea3c7f0a4968aa9de '   itemscope=\"itemscope\" itemtype=\"https:\/\/schema.org\/CreativeWork\" ><div class='avia_textblock'  itemprop=\"text\" ><p>Beim <strong><span style=\"color: #6b95b0;\">Hautpricktest<\/span><\/strong> werden mehrere verschiedene Allergene in fl\u00fcssiger Form (z. B. verschiedene Pflanzenpollen, Hausstaubmilben, Lebensmittelallergene etc.) auf die Haut getropft. Dann wird an dieser Stelle die Haut mit einer feinen Lanzette angeritzt, und das Ergebnis kann nach ca. 20 Minuten abgelesen werden. Dieser wichtige Test kann direkt in der Ordination (je nach Verf\u00fcgbarkeit der Prickl\u00f6sungen) durchgef\u00fchrt werden. Bei dieser Untersuchung k\u00f6nnen lokale R\u00f6tungen und Juckreiz auftreten.<\/p>\n<p>Der <strong><span style=\"color: #6b95b0;\">Prick-to-Prick-Test<\/span><\/strong> beinhaltet verschiedene Allergene, die normalerweise nicht im Standard-Prick-Test-Paneel getestet werden. H\u00e4ufig werden hier zum Beispiel frische Lebensmittel verwendet. Mit diesem Test ist es m\u00f6glich, die Hautreaktion auf beinahe jedes Lebensmittel zu testen. Das Testergebnis wird ebenfalls nach 20 Minuten abgelesen. Wie beim Hautpricktest k\u00f6nnen lokal R\u00f6tungen und Juckreiz auftreten. Da dieser Test l\u00e4nger dauert und auch einer gewissen Vorarbeit bedarf, muss dieser separat geplant werden.<\/p>\n<p><strong><span style=\"color: #6b95b0;\">Chip-Tests:<\/span><\/strong><\/p>\n<p>Chip-Testverfahren (ISAC oder ALEX) sind neuartige Testverfahren, bei denen nach einer Blutabnahme in einem Test-Durchgang die Reaktion des K\u00f6rpers auf \u00fcber hundert Allergen-Molek\u00fcle getestet werden kann.<\/p>\n<p>Diese Untersuchung soll sehr speziellen Fragestellungen vorbehalten sein. Standardm\u00e4\u00dfig soll diese Untersuchung nicht zur Anwendung kommen, kann aber in der Ordination durchgef\u00fchrt werden.<\/p>\n<p><strong><span style=\"color: #6b95b0;\">Immuntherapie\/Hyposensibilisierung:<\/span><\/strong><\/p>\n<p>Die spezifische Immuntherapie oder Hyposensibilisierung kann je nach Alter und Allergen mittels \u201eAllergiespritze\u201c oder \u201eAllergietablette\/-tropfen\u201c durchgef\u00fchrt werden. Bei ersterer wird ein Allergen f\u00fcr ca. 3 Jahre einmal <strong><span style=\"color: #6b95b0;\">monatlich<\/span><\/strong> unter die Haut gespritzt (SCIT \u2013 subkutane Immuntherapie). In der Folge sollen die allergischen Beschwerden bei allergischem Schnupfen, Asthma oder Insektengiftallergien weitestgehend zur\u00fcckgehen.<\/p>\n<p>F\u00fcr Gr\u00e4ser- und Hausstaubmilbenallergie gibt es auch die M\u00f6glichkeit, das Allergen mit Tabletten, welche unter die Zunge gelegt werden, oder in Tropfenform zuzuf\u00fchren. Die SLIT (sublinguale Immuntherapie) wird einmal <strong><span style=\"color: #6b95b0;\">t\u00e4glich<\/span><\/strong> \u00fcber 3 Jahre eingenommen (abh\u00e4ngig vom Alter der Patienten). In naher Zukunft werden diverse neue Pr\u00e4parate und Therapiem\u00f6glichkeiten den Markt erg\u00e4nzen.<\/p>\n<\/div><\/section><\/div><\/p>\n","protected":false},"excerpt":{"rendered":"","protected":false},"author":1,"featured_media":0,"parent":0,"menu_order":6,"comment_status":"closed","ping_status":"closed","template":"","meta":{"inline_featured_image":false,"footnotes":""},"class_list":["post-345","page","type-page","status-publish","hentry"],"_links":{"self":[{"href":"https:\/\/kinder-arzt.at\/de\/wp-json\/wp\/v2\/pages\/345","targetHints":{"allow":["GET"]}}],"collection":[{"href":"https:\/\/kinder-arzt.at\/de\/wp-json\/wp\/v2\/pages"}],"about":[{"href":"https:\/\/kinder-arzt.at\/de\/wp-json\/wp\/v2\/types\/page"}],"author":[{"embeddable":true,"href":"https:\/\/kinder-arzt.at\/de\/wp-json\/wp\/v2\/users\/1"}],"replies":[{"embeddable":true,"href":"https:\/\/kinder-arzt.at\/de\/wp-json\/wp\/v2\/comments?post=345"}],"version-history":[{"count":2,"href":"https:\/\/kinder-arzt.at\/de\/wp-json\/wp\/v2\/pages\/345\/revisions"}],"predecessor-version":[{"id":1405,"href":"https:\/\/kinder-arzt.at\/de\/wp-json\/wp\/v2\/pages\/345\/revisions\/1405"}],"wp:attachment":[{"href":"https:\/\/kinder-arzt.at\/de\/wp-json\/wp\/v2\/media?parent=345"}],"curies":[{"name":"wp","href":"https:\/\/api.w.org\/{rel}","templated":true}]}}