{"id":333,"date":"2020-03-14T12:45:30","date_gmt":"2020-03-14T11:45:30","guid":{"rendered":"http:\/\/kinder-arzt.at\/about-copy-copy\/"},"modified":"2024-10-26T12:11:05","modified_gmt":"2024-10-26T10:11:05","slug":"wir-haben-asthma-allergien-in-der-familie","status":"publish","type":"page","link":"https:\/\/kinder-arzt.at\/de\/wir-haben-asthma-allergien-in-der-familie\/","title":{"rendered":"Wir haben Asthma\/Allergien in der Familie"},"content":{"rendered":"<div id='av-layout-grid-1'  class='av-layout-grid-container av-2p4hkq-2a5a785f4ed00ab4fa5527acff9d76a8 entry-content-wrapper main_color av-flex-cells  avia-builder-el-0  el_before_av_section  avia-builder-el-first   container_wrap fullsize'  >\n\n<style type=\"text\/css\" data-created_by=\"avia_inline_auto\" id=\"style-css-av-2m3iqi-fd79ea2e6eb6168d04cdfe3e93c7ae71\">\n.flex_cell.av-2m3iqi-fd79ea2e6eb6168d04cdfe3e93c7ae71{\nvertical-align:top;\nheight:200px;\nmin-height:200px;\nbackground:url(https:\/\/kinder-arzt.at\/wp-content\/uploads\/2020\/03\/Vorsorge_quer-1030x484.avif) 0% 50% no-repeat scroll ;\n}\n.responsive #top #wrap_all .flex_cell.av-2m3iqi-fd79ea2e6eb6168d04cdfe3e93c7ae71{\npadding:30px 30px 30px 30px !important;\n}\n<\/style>\n<div class='flex_cell av-2m3iqi-fd79ea2e6eb6168d04cdfe3e93c7ae71 av-gridrow-cell av_one_half no_margin  avia-builder-el-1  el_before_av_cell_one_half  avia-builder-el-first  content-align-top avia-full-stretch'  ><div class='flex_cell_inner'><\/div><\/div>\n<style type=\"text\/css\" data-created_by=\"avia_inline_auto\" id=\"style-css-av-2ff6qa-0bf5309548184fbd117ed58dce1fd72b\">\n.flex_cell.av-2ff6qa-0bf5309548184fbd117ed58dce1fd72b{\nvertical-align:middle;\nheight:200px;\nmin-height:200px;\nbackground-color:#afd3e8;\n}\n.responsive #top #wrap_all .flex_cell.av-2ff6qa-0bf5309548184fbd117ed58dce1fd72b{\npadding:30px 100px 30px 100px !important;\n}\n<\/style>\n<div class='flex_cell av-2ff6qa-0bf5309548184fbd117ed58dce1fd72b av-gridrow-cell av_one_half no_margin  avia-builder-el-2  el_after_av_cell_one_half  avia-builder-el-last  content-align-middle'  ><div class='flex_cell_inner'>\n<style type=\"text\/css\" data-created_by=\"avia_inline_auto\" id=\"style-css-av-26pq0a-170fdf0fb7070ede5ad5ef3dd7eeec87\">\n.flex_column.av-26pq0a-170fdf0fb7070ede5ad5ef3dd7eeec87{\nborder-radius:0px 0px 0px 0px;\npadding:0px 0px 0px 0px;\n}\n<\/style>\n<div  class='flex_column av-26pq0a-170fdf0fb7070ede5ad5ef3dd7eeec87 av_one_full  avia-builder-el-3  avia-builder-el-no-sibling  first flex_column_div av-animated-generic bottom-to-top av-zero-column-padding  '     ><style type=\"text\/css\" data-created_by=\"avia_inline_auto\" id=\"style-css-av-k825aben-cac51d344a71ee717ba0c6e3506a8941\">\n#top .av-special-heading.av-k825aben-cac51d344a71ee717ba0c6e3506a8941{\npadding-bottom:10px;\n}\nbody .av-special-heading.av-k825aben-cac51d344a71ee717ba0c6e3506a8941 .av-special-heading-tag .heading-char{\nfont-size:25px;\n}\n.av-special-heading.av-k825aben-cac51d344a71ee717ba0c6e3506a8941 .av-subheading{\nfont-size:15px;\n}\n<\/style>\n<div  class='av-special-heading av-k825aben-cac51d344a71ee717ba0c6e3506a8941 av-special-heading-h3 blockquote modern-quote  avia-builder-el-4  avia-builder-el-no-sibling '><h3 class='av-special-heading-tag '  itemprop=\"headline\"  >Wir haben Asthma\/Allergien in der Familie<\/h3><div class=\"special-heading-border\"><div class=\"special-heading-inner-border\"><\/div><\/div><\/div><\/div>\n<\/div><\/div>\n<\/div>\n<div id='av_section_1'  class='avia-section av-1oglde-2d9227effe751f910158854fee4e542c main_color avia-section-large avia-no-border-styling  avia-builder-el-5  el_after_av_layout_row  el_before_av_layout_row  avia-bg-style-scroll container_wrap fullsize'  ><div class='container av-section-cont-open' ><div class='template-page content  av-content-full alpha units'><div class='post-entry post-entry-type-page post-entry-333'><div class='entry-content-wrapper clearfix'>\n\n<style type=\"text\/css\" data-created_by=\"avia_inline_auto\" id=\"style-css-av-1m2d7e-ad76e4824d4bce94e41b5d669528cff0\">\n.flex_column.av-1m2d7e-ad76e4824d4bce94e41b5d669528cff0{\nborder-radius:0px 0px 0px 0px;\npadding:0px 0px 0px 0px;\n}\n<\/style>\n<div  class='flex_column av-1m2d7e-ad76e4824d4bce94e41b5d669528cff0 av_one_half  avia-builder-el-6  el_before_av_one_half  avia-builder-el-first  first flex_column_div av-animated-generic bottom-to-top av-zero-column-padding  '     ><section  class='av_textblock_section av-197x22-2ef83ecea797fb7ea3c7f0a4968aa9de '   itemscope=\"itemscope\" itemtype=\"https:\/\/schema.org\/CreativeWork\" ><div class='avia_textblock'  itemprop=\"text\" ><p><strong>Asthma in der Familie<\/strong><\/p>\n<p>Vor allem wenn es in der Familie F\u00e4lle von Asthma gibt, sind viele Eltern sehr besorgt. Insbesondere dann, wenn die Kinder in den Kindergarten kommen und der erste Winter mit vielen Infekten und Husten vor der T\u00fcr steht.<\/p>\n<p>Nach aktuellem Forschungsstand sind mehr als hundert verschiedene Genver\u00e4nderungen, die mit der Asthma-Entstehung in Verbindung gebracht werden, bekannt. Auch epigenetische Ver\u00e4nderungen \u2013 also etwa das \u201eAn- und Abschalten\u201c bestimmter Gene infolge bestimmter Umwelteinfl\u00fcsse \u2013 scheinen eine wichtige Rolle zu spielen.<\/p>\n<p>Ob die Asthma-Symptome letztendlich durch Allergene, Infekte oder k\u00f6rperliche Anstrengung ausgel\u00f6st werden, wird ebenfalls durch verschiedene Gene beeinflusst. Das Asthma-Risiko eines Neugeborenen ist beispielsweise um das Dreifache erh\u00f6ht, wenn ein Elternteil an Asthma leidet. M\u00fctterliches Asthma bronchiale stellt einen h\u00f6heren Risikofaktor dar als etwa v\u00e4terliches. Sind beide Elternteile betroffen, erh\u00f6ht sich das Erkrankungsrisiko des Kindes um 60 Prozent. Damit die Krankheit ausbricht, m\u00fcssen zus\u00e4tzlich zur erblichen Veranlagung bestimmte Umweltfaktoren einwirken.<\/p>\n<p><strong>Hier ist das Wissen um die Krankheit und das fr\u00fchzeitige Erkennen von Risikofaktoren bzw. Alarmsignalen essentiell.<\/strong><br \/>\nEine <strong>detaillierte Aufkl\u00e4rung der Eltern<\/strong> stellt den wichtigen ersten Schritt dar. Abh\u00e4ngig von Beschwerden, Familienanamnese sowie anderer Risikofaktoren kann in weiterer Folge ein individuelles Diagnostikschema eingeleitet werden.<\/p>\n<\/div><\/section><\/div>\n<style type=\"text\/css\" data-created_by=\"avia_inline_auto\" id=\"style-css-av-1m2d7e-c5cff990e63e209777f69fbcd3d832eb\">\n.flex_column.av-1m2d7e-c5cff990e63e209777f69fbcd3d832eb{\nborder-radius:0px 0px 0px 0px;\npadding:0px 0px 0px 0px;\n}\n<\/style>\n<div  class='flex_column av-1m2d7e-c5cff990e63e209777f69fbcd3d832eb av_one_half  avia-builder-el-8  el_after_av_one_half  avia-builder-el-last  flex_column_div av-animated-generic bottom-to-top av-zero-column-padding  '     ><section  class='av_textblock_section av-197x22-2ef83ecea797fb7ea3c7f0a4968aa9de '   itemscope=\"itemscope\" itemtype=\"https:\/\/schema.org\/CreativeWork\" ><div class='avia_textblock'  itemprop=\"text\" ><p><strong>Allergien in der Familie<\/strong><\/p>\n<p>Rund die H\u00e4lfte aller Kinder besitzt eine grunds\u00e4tzliche Bereitschaft Allergien zu entwickeln (Atopie). Ob die Erkrankung tats\u00e4chlich ausbricht, h\u00e4ngt wiederum von mehreren Faktoren ab. Die genauen Ursachen f\u00fcr die Entstehung und Zunahme allergischer Erkrankungen sind allerdings noch nicht vollst\u00e4ndig erforscht.<\/p>\n<p>Vererbung: Ist ein Elternteil allergisch, liegt das Risiko f\u00fcr das Kind bei rund 30% auch Allergien zu entwickeln. Sind Vater und Mutter Allergiker, steigt diese Wahrscheinlichkeit auf \u00fcber 60%. Der Gro\u00dfteil der Allergiker-Kinder ist allerdings nicht erblich vorbelastet.<\/p>\n<p>Das Durchleben mehrerer allergischer Beschwerdebilder wird als sogenannte \u201eAllergie-Karriere\u201c bezeichnet: Im S\u00e4uglingsalter dominieren Nahrungsmittelallergien und Neurodermitis (med. atopische Dermatitis). Im Laufe der Jahre verliert der \u00fcberwiegende Teil der Kinder diese Allergien wieder. Allerdings ist dann oft eine Sensibilisierung gegen\u00fcber Katzenhaaren, Hausstaubmilben und Pollen zu beobachten. Im Schul- und Teenageralter dominieren schlie\u00dflich Antik\u00f6rper gegen Pollen. Diese unerw\u00fcnschte \u201eKarriere\u201c verl\u00e4uft in den meisten F\u00e4llen \u00e4hnlich, bei manchen Kindern beginnt sie aber auch erst sp\u00e4ter mit Heuschnupfen (med. Rhino-Konjunktivitis).<\/p>\n<p>Eine detaillierte Aufkl\u00e4rung der Eltern stellt hier den wichtigen ersten Schritt dar. Abh\u00e4ngig von Beschwerden, Familienanamnese sowie anderer Risikofaktoren kann in weiterer Folge ein individuelles Diagnostikschema eingeleitet werden. <strong>Prinzipiell ist es aber so, dass eine Diagnostik erst dann Sinn macht, wenn bereits Beschwerden (allergische Symtome) bestehen. <\/strong><\/p>\n<\/div><\/section><\/div><\/div><\/div><\/div><!-- close content main div --><\/div><\/div><div id='av-layout-grid-2'  class='av-layout-grid-container av-f1471-96d4a3d65e59e6e0a2efbbeb37e548c7 entry-content-wrapper alternate_color av-flex-cells  avia-builder-el-10  el_after_av_section  el_before_av_hr  grid-row-not-first  container_wrap fullsize'  >\n\n<style type=\"text\/css\" data-created_by=\"avia_inline_auto\" id=\"style-css-av-boupx-b167ba56e550958350b7623bd9e66cec\">\n.flex_cell.av-boupx-b167ba56e550958350b7623bd9e66cec{\nvertical-align:middle;\nheight:200px;\nmin-height:200px;\n}\n.responsive #top #wrap_all .flex_cell.av-boupx-b167ba56e550958350b7623bd9e66cec{\npadding:30px 100px 30px 100px !important;\n}\n<\/style>\n<div class='flex_cell av-boupx-b167ba56e550958350b7623bd9e66cec av-gridrow-cell av_one_half no_margin  avia-builder-el-11  el_before_av_cell_one_half  avia-builder-el-first  content-align-middle'  ><div class='flex_cell_inner'>\n<style type=\"text\/css\" data-created_by=\"avia_inline_auto\" id=\"style-css-av-26pq0a-170fdf0fb7070ede5ad5ef3dd7eeec87\">\n.flex_column.av-26pq0a-170fdf0fb7070ede5ad5ef3dd7eeec87{\nborder-radius:0px 0px 0px 0px;\npadding:0px 0px 0px 0px;\n}\n<\/style>\n<div  class='flex_column av-26pq0a-170fdf0fb7070ede5ad5ef3dd7eeec87 av_one_full  avia-builder-el-12  avia-builder-el-no-sibling  first flex_column_div av-animated-generic bottom-to-top av-zero-column-padding  '     ><style type=\"text\/css\" data-created_by=\"avia_inline_auto\" id=\"style-css-av-aynth-03b107b128a8a4e47b582b06e3dc5bf4\">\n#top .av-special-heading.av-aynth-03b107b128a8a4e47b582b06e3dc5bf4{\npadding-bottom:10px;\n}\nbody .av-special-heading.av-aynth-03b107b128a8a4e47b582b06e3dc5bf4 .av-special-heading-tag .heading-char{\nfont-size:25px;\n}\n.av-special-heading.av-aynth-03b107b128a8a4e47b582b06e3dc5bf4 .av-subheading{\nfont-size:15px;\n}\n<\/style>\n<div  class='av-special-heading av-aynth-03b107b128a8a4e47b582b06e3dc5bf4 av-special-heading-h3 blockquote modern-quote  avia-builder-el-13  avia-builder-el-no-sibling '><h3 class='av-special-heading-tag '  itemprop=\"headline\"  >Aufkl\u00e4rung und Beratung stehen hier im Mittelpunkt.<\/h3><div class=\"special-heading-border\"><div class=\"special-heading-inner-border\"><\/div><\/div><\/div><\/div>\n<\/div><\/div>\n<style type=\"text\/css\" data-created_by=\"avia_inline_auto\" id=\"style-css-av-k8255pof-3c31ccf6eea7658791115c4c29bbb7ff\">\n.flex_cell.av-k8255pof-3c31ccf6eea7658791115c4c29bbb7ff{\nvertical-align:middle;\nheight:200px;\nmin-height:200px;\nbackground:url(https:\/\/kinder-arzt.at\/wp-content\/uploads\/2020\/03\/Vorsorge_unten-jpg.avif) 50% 50% no-repeat scroll ;\n}\n.responsive #top #wrap_all .flex_cell.av-k8255pof-3c31ccf6eea7658791115c4c29bbb7ff{\npadding:30px 30px 30px 30px !important;\n}\n<\/style>\n<div class='flex_cell av-k8255pof-3c31ccf6eea7658791115c4c29bbb7ff av-gridrow-cell av_one_half no_margin  avia-builder-el-14  el_after_av_cell_one_half  avia-builder-el-last  content-align-middle avia-full-stretch'  ><div class='flex_cell_inner'><\/div><\/div>\n<\/div><div id='after_grid_row_2'  class='main_color av_default_container_wrap container_wrap fullsize'  ><div class='container av-section-cont-open' ><div class='template-page content  av-content-full alpha units'><div class='post-entry post-entry-type-page post-entry-333'><div class='entry-content-wrapper clearfix'><\/p>\n\n<style type=\"text\/css\" data-created_by=\"avia_inline_auto\" id=\"style-css-av-1b0756-46109c1bcda6e6c6c9238c4aa0ae781d\">\n#top .hr.hr-invisible.av-1b0756-46109c1bcda6e6c6c9238c4aa0ae781d{\nheight:50px;\n}\n<\/style>\n<div  class='hr av-1b0756-46109c1bcda6e6c6c9238c4aa0ae781d hr-invisible  avia-builder-el-15  el_after_av_layout_row  avia-builder-el-no-sibling '><span class='hr-inner '><span class=\"hr-inner-style\"><\/span><\/span><\/div>\n","protected":false},"excerpt":{"rendered":"","protected":false},"author":1,"featured_media":0,"parent":0,"menu_order":19,"comment_status":"closed","ping_status":"closed","template":"","meta":{"inline_featured_image":false,"footnotes":""},"class_list":["post-333","page","type-page","status-publish","hentry"],"_links":{"self":[{"href":"https:\/\/kinder-arzt.at\/de\/wp-json\/wp\/v2\/pages\/333","targetHints":{"allow":["GET"]}}],"collection":[{"href":"https:\/\/kinder-arzt.at\/de\/wp-json\/wp\/v2\/pages"}],"about":[{"href":"https:\/\/kinder-arzt.at\/de\/wp-json\/wp\/v2\/types\/page"}],"author":[{"embeddable":true,"href":"https:\/\/kinder-arzt.at\/de\/wp-json\/wp\/v2\/users\/1"}],"replies":[{"embeddable":true,"href":"https:\/\/kinder-arzt.at\/de\/wp-json\/wp\/v2\/comments?post=333"}],"version-history":[{"count":7,"href":"https:\/\/kinder-arzt.at\/de\/wp-json\/wp\/v2\/pages\/333\/revisions"}],"predecessor-version":[{"id":1453,"href":"https:\/\/kinder-arzt.at\/de\/wp-json\/wp\/v2\/pages\/333\/revisions\/1453"}],"wp:attachment":[{"href":"https:\/\/kinder-arzt.at\/de\/wp-json\/wp\/v2\/media?parent=333"}],"curies":[{"name":"wp","href":"https:\/\/api.w.org\/{rel}","templated":true}]}}