{"id":326,"date":"2020-03-14T12:13:50","date_gmt":"2020-03-14T11:13:50","guid":{"rendered":"http:\/\/kinder-arzt.at\/about-copy\/"},"modified":"2024-10-16T14:55:38","modified_gmt":"2024-10-16T12:55:38","slug":"akute-erkrankungen","status":"publish","type":"page","link":"https:\/\/kinder-arzt.at\/de\/akute-erkrankungen\/","title":{"rendered":"Akut Krank"},"content":{"rendered":"<div id='av-layout-grid-1'  class='av-layout-grid-container av-2p4hkq-2a5a785f4ed00ab4fa5527acff9d76a8 entry-content-wrapper main_color av-flex-cells  avia-builder-el-0  el_before_av_section  avia-builder-el-first   container_wrap fullsize'  >\n\n<style type=\"text\/css\" data-created_by=\"avia_inline_auto\" id=\"style-css-av-2m3iqi-1971526357283fbea36d566e6a53ee4e\">\n.flex_cell.av-2m3iqi-1971526357283fbea36d566e6a53ee4e{\nvertical-align:top;\nheight:200px;\nmin-height:200px;\nbackground:url(https:\/\/kinder-arzt.at\/wp-content\/uploads\/2020\/03\/Akut_quer-1030x484.avif) 0% 50% no-repeat scroll ;\n}\n.responsive #top #wrap_all .flex_cell.av-2m3iqi-1971526357283fbea36d566e6a53ee4e{\npadding:30px 30px 30px 30px !important;\n}\n<\/style>\n<div class='flex_cell av-2m3iqi-1971526357283fbea36d566e6a53ee4e av-gridrow-cell av_one_half no_margin  avia-builder-el-1  el_before_av_cell_one_half  avia-builder-el-first  content-align-top avia-full-stretch'  ><div class='flex_cell_inner'><\/div><\/div>\n<style type=\"text\/css\" data-created_by=\"avia_inline_auto\" id=\"style-css-av-2ff6qa-0bf5309548184fbd117ed58dce1fd72b\">\n.flex_cell.av-2ff6qa-0bf5309548184fbd117ed58dce1fd72b{\nvertical-align:middle;\nheight:200px;\nmin-height:200px;\nbackground-color:#afd3e8;\n}\n.responsive #top #wrap_all .flex_cell.av-2ff6qa-0bf5309548184fbd117ed58dce1fd72b{\npadding:30px 100px 30px 100px !important;\n}\n<\/style>\n<div class='flex_cell av-2ff6qa-0bf5309548184fbd117ed58dce1fd72b av-gridrow-cell av_one_half no_margin  avia-builder-el-2  el_after_av_cell_one_half  avia-builder-el-last  content-align-middle'  ><div class='flex_cell_inner'>\n<style type=\"text\/css\" data-created_by=\"avia_inline_auto\" id=\"style-css-av-26pq0a-170fdf0fb7070ede5ad5ef3dd7eeec87\">\n.flex_column.av-26pq0a-170fdf0fb7070ede5ad5ef3dd7eeec87{\nborder-radius:0px 0px 0px 0px;\npadding:0px 0px 0px 0px;\n}\n<\/style>\n<div  class='flex_column av-26pq0a-170fdf0fb7070ede5ad5ef3dd7eeec87 av_one_full  avia-builder-el-3  avia-builder-el-no-sibling  first flex_column_div av-animated-generic bottom-to-top av-zero-column-padding  '     ><style type=\"text\/css\" data-created_by=\"avia_inline_auto\" id=\"style-css-av-k8a9w3oo-75415d3128e7fdc9425b1785f1462c85\">\n#top .av-special-heading.av-k8a9w3oo-75415d3128e7fdc9425b1785f1462c85{\npadding-bottom:10px;\n}\nbody .av-special-heading.av-k8a9w3oo-75415d3128e7fdc9425b1785f1462c85 .av-special-heading-tag .heading-char{\nfont-size:25px;\n}\n.av-special-heading.av-k8a9w3oo-75415d3128e7fdc9425b1785f1462c85 .av-subheading{\nfont-size:15px;\n}\n<\/style>\n<div  class='av-special-heading av-k8a9w3oo-75415d3128e7fdc9425b1785f1462c85 av-special-heading-h3 blockquote modern-quote  avia-builder-el-4  avia-builder-el-no-sibling '><h3 class='av-special-heading-tag '  itemprop=\"headline\"  >Mein Kind ist akut krank<\/h3><div class=\"special-heading-border\"><div class=\"special-heading-inner-border\"><\/div><\/div><\/div><\/div>\n<\/div><\/div>\n<\/div>\n<div id='av_section_1'  class='avia-section av-1oglde-2d9227effe751f910158854fee4e542c main_color avia-section-large avia-no-border-styling  avia-builder-el-5  el_after_av_layout_row  el_before_av_layout_row  avia-bg-style-scroll container_wrap fullsize'  ><div class='container av-section-cont-open' ><div class='template-page content  av-content-full alpha units'><div class='post-entry post-entry-type-page post-entry-326'><div class='entry-content-wrapper clearfix'>\n\n<style type=\"text\/css\" data-created_by=\"avia_inline_auto\" id=\"style-css-av-1m2d7e-ad76e4824d4bce94e41b5d669528cff0\">\n.flex_column.av-1m2d7e-ad76e4824d4bce94e41b5d669528cff0{\nborder-radius:0px 0px 0px 0px;\npadding:0px 0px 0px 0px;\n}\n<\/style>\n<div  class='flex_column av-1m2d7e-ad76e4824d4bce94e41b5d669528cff0 av_one_half  avia-builder-el-6  el_before_av_one_half  avia-builder-el-first  first flex_column_div av-animated-generic bottom-to-top av-zero-column-padding  '     ><section  class='av_textblock_section av-197x22-2ef83ecea797fb7ea3c7f0a4968aa9de '   itemscope=\"itemscope\" itemtype=\"https:\/\/schema.org\/CreativeWork\" ><div class='avia_textblock'  itemprop=\"text\" ><p>Zur Abkl\u00e4rung der akuten Erkrankungen steht die <strong>k\u00f6rperliche Untersuchung<\/strong> in einer angenehmen Umgebung im Mittelpunkt. Da wir eine pulmologische\/allergologische Spezial Ordination sind, k\u00f6nnen auch nur akute Krankheitsbilder aus diesem Bereich abgedeckt werden.<\/p>\n<p>Es werden zudem <strong>weiterf\u00fchrende Laboruntersuchungen<\/strong> in Zusammenarbeit mit einem externen Laborverbund in der Ordination angeboten. Weiters k\u00f6nnen auch bakteriologische bzw. virologische Untersuchungen \u00fcber externe Laborpartner angeboten werden.<\/p>\n<\/div><\/section><\/div>\n<style type=\"text\/css\" data-created_by=\"avia_inline_auto\" id=\"style-css-av-1m2d7e-c5cff990e63e209777f69fbcd3d832eb\">\n.flex_column.av-1m2d7e-c5cff990e63e209777f69fbcd3d832eb{\nborder-radius:0px 0px 0px 0px;\npadding:0px 0px 0px 0px;\n}\n<\/style>\n<div  class='flex_column av-1m2d7e-c5cff990e63e209777f69fbcd3d832eb av_one_half  avia-builder-el-8  el_after_av_one_half  avia-builder-el-last  flex_column_div av-animated-generic bottom-to-top av-zero-column-padding  '     ><section  class='av_textblock_section av-197x22-2ef83ecea797fb7ea3c7f0a4968aa9de '   itemscope=\"itemscope\" itemtype=\"https:\/\/schema.org\/CreativeWork\" ><div class='avia_textblock'  itemprop=\"text\" ><p>Dazu z\u00e4hlen unter anderem Hautabstriche, Nasen\/Rachenabstrich bei wiederkehrenden Infekten, sowie Stuhl- und Harnuntersuchungen. Erweiterte <strong>Spezialdiagnostik<\/strong>, die in der Ordination nicht angeboten werden kann, kann bei Bedarf an der Kinderabteilung der Klinik Ottakring durchgef\u00fchrt werden, wo ich seit mehreren Jahren als Oberarzt t\u00e4tig bin.<\/p>\n<p>Wir arbeiten gerne mit ihrem behandelnden Kinderarzt zusammen um f\u00fcr ihr Kind eine bestm\u00f6gliche Versorgung zu gew\u00e4hrleisten.<\/p>\n<\/div><\/section><\/div>\n\n<\/div><\/div><\/div><!-- close content main div --><\/div><\/div><div id='av-layout-grid-2'  class='av-layout-grid-container av-f1471-96d4a3d65e59e6e0a2efbbeb37e548c7 entry-content-wrapper alternate_color av-flex-cells  avia-builder-el-10  el_after_av_section  el_before_av_hr  grid-row-not-first  container_wrap fullsize'  >\n\n<style type=\"text\/css\" data-created_by=\"avia_inline_auto\" id=\"style-css-av-boupx-b167ba56e550958350b7623bd9e66cec\">\n.flex_cell.av-boupx-b167ba56e550958350b7623bd9e66cec{\nvertical-align:middle;\nheight:200px;\nmin-height:200px;\n}\n.responsive #top #wrap_all .flex_cell.av-boupx-b167ba56e550958350b7623bd9e66cec{\npadding:30px 100px 30px 100px !important;\n}\n<\/style>\n<div class='flex_cell av-boupx-b167ba56e550958350b7623bd9e66cec av-gridrow-cell av_one_half no_margin  avia-builder-el-11  el_before_av_cell_one_half  avia-builder-el-first  content-align-middle'  ><div class='flex_cell_inner'>\n<style type=\"text\/css\" data-created_by=\"avia_inline_auto\" id=\"style-css-av-26pq0a-170fdf0fb7070ede5ad5ef3dd7eeec87\">\n.flex_column.av-26pq0a-170fdf0fb7070ede5ad5ef3dd7eeec87{\nborder-radius:0px 0px 0px 0px;\npadding:0px 0px 0px 0px;\n}\n<\/style>\n<div  class='flex_column av-26pq0a-170fdf0fb7070ede5ad5ef3dd7eeec87 av_one_full  avia-builder-el-12  avia-builder-el-no-sibling  first flex_column_div av-animated-generic bottom-to-top av-zero-column-padding  '     ><style type=\"text\/css\" data-created_by=\"avia_inline_auto\" id=\"style-css-av-ab29y-caaf60ab4c7f30ff5858b375748341a8\">\n#top .av-special-heading.av-ab29y-caaf60ab4c7f30ff5858b375748341a8{\npadding-bottom:10px;\n}\nbody .av-special-heading.av-ab29y-caaf60ab4c7f30ff5858b375748341a8 .av-special-heading-tag .heading-char{\nfont-size:25px;\n}\n.av-special-heading.av-ab29y-caaf60ab4c7f30ff5858b375748341a8 .av-subheading{\nfont-size:15px;\n}\n<\/style>\n<div  class='av-special-heading av-ab29y-caaf60ab4c7f30ff5858b375748341a8 av-special-heading-h3 blockquote modern-quote  avia-builder-el-13  avia-builder-el-no-sibling '><h3 class='av-special-heading-tag '  itemprop=\"headline\"  >Gerade wenn Kinder akut krank sind, ist eine vertraute und angstfreie Umgebung w\u00e4hrend der Untersuchung essenziell.<\/h3><div class=\"special-heading-border\"><div class=\"special-heading-inner-border\"><\/div><\/div><\/div><\/div>\n<\/div><\/div>\n<style type=\"text\/css\" data-created_by=\"avia_inline_auto\" id=\"style-css-av-k8255pof-ef3e7c136eaa65c70f9322f14bbf75bc\">\n.flex_cell.av-k8255pof-ef3e7c136eaa65c70f9322f14bbf75bc{\nvertical-align:middle;\nheight:200px;\nmin-height:200px;\nbackground:url(https:\/\/kinder-arzt.at\/wp-content\/uploads\/2020\/03\/AkutKrank_unten-jpg.avif) 50% 50% no-repeat scroll ;\n}\n.responsive #top #wrap_all .flex_cell.av-k8255pof-ef3e7c136eaa65c70f9322f14bbf75bc{\npadding:30px 30px 30px 30px !important;\n}\n<\/style>\n<div class='flex_cell av-k8255pof-ef3e7c136eaa65c70f9322f14bbf75bc av-gridrow-cell av_one_half no_margin  avia-builder-el-14  el_after_av_cell_one_half  avia-builder-el-last  content-align-middle avia-full-stretch'  ><div class='flex_cell_inner'><\/div><\/div><\/div><div id='after_grid_row_2'  class='main_color av_default_container_wrap container_wrap fullsize'  ><div class='container av-section-cont-open' ><div class='template-page content  av-content-full alpha units'><div class='post-entry post-entry-type-page post-entry-326'><div class='entry-content-wrapper clearfix'>\n<style type=\"text\/css\" data-created_by=\"avia_inline_auto\" id=\"style-css-av-1b0756-733de7d700dd78f81b8ba2a5f494f9a2\">\n#top .hr.hr-invisible.av-1b0756-733de7d700dd78f81b8ba2a5f494f9a2{\nheight:50px;\n}\n<\/style>\n<div  class='hr av-1b0756-733de7d700dd78f81b8ba2a5f494f9a2 hr-invisible  avia-builder-el-15  el_after_av_layout_row  avia-builder-el-no-sibling '><span class='hr-inner '><span class=\"hr-inner-style\"><\/span><\/span><\/div><\/p>\n","protected":false},"excerpt":{"rendered":"","protected":false},"author":1,"featured_media":0,"parent":0,"menu_order":3,"comment_status":"closed","ping_status":"closed","template":"","meta":{"inline_featured_image":false,"footnotes":""},"class_list":["post-326","page","type-page","status-publish","hentry"],"_links":{"self":[{"href":"https:\/\/kinder-arzt.at\/de\/wp-json\/wp\/v2\/pages\/326","targetHints":{"allow":["GET"]}}],"collection":[{"href":"https:\/\/kinder-arzt.at\/de\/wp-json\/wp\/v2\/pages"}],"about":[{"href":"https:\/\/kinder-arzt.at\/de\/wp-json\/wp\/v2\/types\/page"}],"author":[{"embeddable":true,"href":"https:\/\/kinder-arzt.at\/de\/wp-json\/wp\/v2\/users\/1"}],"replies":[{"embeddable":true,"href":"https:\/\/kinder-arzt.at\/de\/wp-json\/wp\/v2\/comments?post=326"}],"version-history":[{"count":3,"href":"https:\/\/kinder-arzt.at\/de\/wp-json\/wp\/v2\/pages\/326\/revisions"}],"predecessor-version":[{"id":1398,"href":"https:\/\/kinder-arzt.at\/de\/wp-json\/wp\/v2\/pages\/326\/revisions\/1398"}],"wp:attachment":[{"href":"https:\/\/kinder-arzt.at\/de\/wp-json\/wp\/v2\/media?parent=326"}],"curies":[{"name":"wp","href":"https:\/\/api.w.org\/{rel}","templated":true}]}}